{"id":327,"date":"2019-04-16T16:07:59","date_gmt":"2019-04-16T16:07:59","guid":{"rendered":"https:\/\/romerzeche.at\/en\/?page_id=327"},"modified":"2019-05-22T08:14:47","modified_gmt":"2019-05-22T08:14:47","slug":"uber-rust","status":"publish","type":"page","link":"https:\/\/romerzeche.at\/en\/uber-rust\/","title":{"rendered":"\u00dcber Rust"},"content":{"rendered":"\t\t<div data-elementor-type=\"wp-post\" data-elementor-id=\"327\" class=\"elementor elementor-327\">\n\t\t\t\t\t\t<section class=\"elementor-section elementor-top-section elementor-element elementor-element-14c331c elementor-section-boxed elementor-section-height-default elementor-section-height-default\" data-id=\"14c331c\" data-element_type=\"section\" data-e-type=\"section\">\n\t\t\t\t\t\t<div class=\"elementor-container elementor-column-gap-default\">\n\t\t\t\t\t<div class=\"elementor-column elementor-col-100 elementor-top-column elementor-element elementor-element-1ce8cc6\" data-id=\"1ce8cc6\" data-element_type=\"column\" data-e-type=\"column\">\n\t\t\t<div class=\"elementor-widget-wrap elementor-element-populated\">\n\t\t\t\t\t\t<section class=\"elementor-section elementor-inner-section elementor-element elementor-element-cdcbf18 elementor-section-boxed elementor-section-height-default elementor-section-height-default\" data-id=\"cdcbf18\" data-element_type=\"section\" data-e-type=\"section\">\n\t\t\t\t\t\t<div class=\"elementor-container elementor-column-gap-default\">\n\t\t\t\t\t<div class=\"elementor-column elementor-col-50 elementor-inner-column elementor-element elementor-element-7e84eef\" data-id=\"7e84eef\" data-element_type=\"column\" data-e-type=\"column\">\n\t\t\t<div class=\"elementor-widget-wrap elementor-element-populated\">\n\t\t\t\t\t\t<div class=\"elementor-element elementor-element-751c21d elementor-widget elementor-widget-image\" data-id=\"751c21d\" data-element_type=\"widget\" data-e-type=\"widget\" data-widget_type=\"image.default\">\n\t\t\t\t<div class=\"elementor-widget-container\">\n\t\t\t\t\t\t\t\t\t\t\t\t\t\t\t<img fetchpriority=\"high\" decoding=\"async\" width=\"640\" height=\"421\" src=\"https:\/\/romerzeche.at\/en\/wp-content\/uploads\/2019\/04\/rust-1024x673.jpg\" class=\"attachment-large size-large wp-image-337\" alt=\"\" srcset=\"https:\/\/romerzeche.at\/en\/wp-content\/uploads\/2019\/04\/rust-1024x673.jpg 1024w, https:\/\/romerzeche.at\/en\/wp-content\/uploads\/2019\/04\/rust-300x197.jpg 300w, https:\/\/romerzeche.at\/en\/wp-content\/uploads\/2019\/04\/rust-768x505.jpg 768w, https:\/\/romerzeche.at\/en\/wp-content\/uploads\/2019\/04\/rust-20x13.jpg 20w, https:\/\/romerzeche.at\/en\/wp-content\/uploads\/2019\/04\/rust.jpg 1065w\" sizes=\"(max-width: 640px) 100vw, 640px\" \/>\t\t\t\t\t\t\t\t\t\t\t\t\t\t\t<\/div>\n\t\t\t\t<\/div>\n\t\t\t\t\t<\/div>\n\t\t<\/div>\n\t\t\t\t<div class=\"elementor-column elementor-col-50 elementor-inner-column elementor-element elementor-element-e30c0ca\" data-id=\"e30c0ca\" data-element_type=\"column\" data-e-type=\"column\">\n\t\t\t<div class=\"elementor-widget-wrap elementor-element-populated\">\n\t\t\t\t\t\t<div class=\"elementor-element elementor-element-332f11a elementor-widget elementor-widget-text-editor\" data-id=\"332f11a\" data-element_type=\"widget\" data-e-type=\"widget\" data-widget_type=\"text-editor.default\">\n\t\t\t\t<div class=\"elementor-widget-container\">\n\t\t\t\t\t\t\t\t\t<h3>\u00a0<\/h3><h3>Ein herzliches Willkommen in der Freistadt Rust, der Stadt der St\u00f6rche des edlen Weines und des Winzerk\u00f6nigs.<\/h3><p>\u00a0<\/p><p>Die Freistadt Rust ist mit rund 1900 Einwohnern der kleinste Verwaltungsbezirk \u00d6sterreichs. Auf Grund der Tatsache, dass Rust eine Statutarstadt ist,werden die Angelegenheiten der\u00a0 Bezirksverwaltung in der Stadt selbst, am Magistrat der Freistadt Rust erledigt. Der B\u00fcrgermeister hat dadurch auch die Stellung<br \/>eines Bezirkshauptmannes. Es hat historische Gr\u00fcnde, dass Rust eine<br \/>Statutarstadt ist. Schon 1681, als das Burgenland noch zu Ungarn geh\u00f6rte, wurde Rust das Stadtrecht verliehen. Nach dem Anschluss des Burgenlandes an \u00d6sterreich wurden die beiden ungarischen Freist\u00e4dte Eisenstadt und Rust zu<br \/>\u00f6sterreichischen Statutarst\u00e4dten, der Beiname Freistadt blieb erhalten. Wir w\u00fcnschen Ihnen eine gesegnete Mahlzeit und einen unvergesslichen Aufenthalt in dieser kleinen historischen Stadt, die entdeckt werden will.<\/p><p style=\"text-align: right;\">Das Team R\u00f6merzeche<\/p><p>\u00a0<\/p>\t\t\t\t\t\t\t\t<\/div>\n\t\t\t\t<\/div>\n\t\t\t\t\t<\/div>\n\t\t<\/div>\n\t\t\t\t\t<\/div>\n\t\t<\/section>\n\t\t\t\t\t<\/div>\n\t\t<\/div>\n\t\t\t\t\t<\/div>\n\t\t<\/section>\n\t\t\t\t<\/div>\n\t\t","protected":false},"excerpt":{"rendered":"<p>Ein herzliches Willkommen in der Freistadt Rust, der Stadt der St\u00f6rche des edlen Weines und des Winzerk\u00f6nigs. Die Freistadt Rust ist mit rund 1900 Einwohnern der kleinste Verwaltungsbezirk \u00d6sterreichs. Auf Grund der Tatsache, dass Rust eine Statutarstadt ist,werden die Angelegenheiten der\u00a0 Bezirksverwaltung in der Stadt selbst, am Magistrat der Freistadt Rust erledigt. Der B\u00fcrgermeister hat [&hellip;]<\/p>\n","protected":false},"author":1,"featured_media":0,"parent":0,"menu_order":0,"comment_status":"closed","ping_status":"closed","template":"","meta":{"footnotes":""},"class_list":["post-327","page","type-page","status-publish","hentry"],"_links":{"self":[{"href":"https:\/\/romerzeche.at\/en\/wp-json\/wp\/v2\/pages\/327","targetHints":{"allow":["GET"]}}],"collection":[{"href":"https:\/\/romerzeche.at\/en\/wp-json\/wp\/v2\/pages"}],"about":[{"href":"https:\/\/romerzeche.at\/en\/wp-json\/wp\/v2\/types\/page"}],"author":[{"embeddable":true,"href":"https:\/\/romerzeche.at\/en\/wp-json\/wp\/v2\/users\/1"}],"replies":[{"embeddable":true,"href":"https:\/\/romerzeche.at\/en\/wp-json\/wp\/v2\/comments?post=327"}],"version-history":[{"count":6,"href":"https:\/\/romerzeche.at\/en\/wp-json\/wp\/v2\/pages\/327\/revisions"}],"predecessor-version":[{"id":495,"href":"https:\/\/romerzeche.at\/en\/wp-json\/wp\/v2\/pages\/327\/revisions\/495"}],"wp:attachment":[{"href":"https:\/\/romerzeche.at\/en\/wp-json\/wp\/v2\/media?parent=327"}],"curies":[{"name":"wp","href":"https:\/\/api.w.org\/{rel}","templated":true}]}}